{"id":3132,"date":"2026-04-25T09:06:12","date_gmt":"2026-04-25T09:06:12","guid":{"rendered":"https:\/\/hilpharakaspood.ee\/product\/kaevoru-lapis-lazuli\/"},"modified":"2026-04-25T09:06:12","modified_gmt":"2026-04-25T09:06:12","slug":"kaevoru-lapis-lazuli","status":"publish","type":"product","link":"https:\/\/hilpharakas.ee\/en\/product\/kaevoru-lapis-lazuli\/","title":{"rendered":"K\u00e4ev\u00f5ru &#8220;Lapis Lazuli&#8221;"},"content":{"rendered":"<p>See meeste k\u00e4ev\u00f5ru \u00fchendab sinise p\u00f5imitud naha ja lapis lazuli poolv\u00e4\u00e4riskivi helmed kahekordse k\u00e4ev\u00f5runa. Ornamentaalse mustriga roostevabast terasest dekoratiivdetail lisab k\u00e4ev\u00f5rule iseloomu.<\/p>\n<p><strong>Materjal:<\/strong> Nahk, roostevaba teras, lapis lazuli<\/p>","protected":false},"excerpt":{"rendered":"<p>Meeste kahekordne k\u00e4ev\u00f5ru lapis lazuli helmeste ja sinise nahaga \u2013 ornamentaalse terasdetailiga.<\/p>","protected":false},"featured_media":3024,"template":"","meta":[],"product_brand":[],"product_cat":[121,111,93],"product_tag":[],"class_list":{"0":"post-3132","1":"product","2":"type-product","3":"status-publish","4":"has-post-thumbnail","6":"product_cat-hilpharakas","7":"product_cat-men-bracelets","8":"product_cat-men","10":"first","11":"outofstock","12":"shipping-taxable","13":"product-type-variable"},"yoast_head":"<!-- This site is optimized with the Yoast SEO plugin v27.4 - https:\/\/yoast.com\/product\/yoast-seo-wordpress\/ -->\n<title>K\u00e4ev\u00f5ru &quot;Lapis Lazuli&quot; - Hilpharakas<\/title>\n<meta name=\"robots\" content=\"index, follow, max-snippet:-1, max-image-preview:large, max-video-preview:-1\" \/>\n<link rel=\"canonical\" href=\"https:\/\/hilpharakas.ee\/en\/product\/kaevoru-lapis-lazuli\/\" \/>\n<meta property=\"og:locale\" content=\"en_US\" \/>\n<meta property=\"og:type\" content=\"article\" \/>\n<meta property=\"og:title\" content=\"K\u00e4ev\u00f5ru &quot;Lapis Lazuli&quot; - Hilpharakas\" \/>\n<meta property=\"og:description\" content=\"Meeste kahekordne k\u00e4ev\u00f5ru lapis lazuli helmeste ja sinise nahaga \u2013 ornamentaalse terasdetailiga.\" \/>\n<meta property=\"og:url\" content=\"https:\/\/hilpharakas.ee\/en\/product\/kaevoru-lapis-lazuli\/\" \/>\n<meta property=\"og:site_name\" content=\"Hilpharakas\" \/>\n<meta property=\"og:image\" content=\"https:\/\/hilpharakas.ee\/wp-content\/uploads\/2026\/04\/freepik__bracelet-on-pure-black-background-soft-diffused-li__72454.jpg\" \/>\n\t<meta property=\"og:image:width\" content=\"1024\" \/>\n\t<meta property=\"og:image:height\" content=\"1024\" \/>\n\t<meta property=\"og:image:type\" content=\"image\/jpeg\" \/>\n<meta name=\"twitter:card\" content=\"summary_large_image\" \/>\n<script type=\"application\/ld+json\" class=\"yoast-schema-graph\">{\"@context\":\"https:\\\/\\\/schema.org\",\"@graph\":[{\"@type\":\"WebPage\",\"@id\":\"https:\\\/\\\/hilpharakas.ee\\\/product\\\/kaevoru-lapis-lazuli\\\/\",\"url\":\"https:\\\/\\\/hilpharakas.ee\\\/product\\\/kaevoru-lapis-lazuli\\\/\",\"name\":\"K\u00e4ev\u00f5ru \\\"Lapis Lazuli\\\" - Hilpharakas\",\"isPartOf\":{\"@id\":\"https:\\\/\\\/hilpharakas.ee\\\/#website\"},\"primaryImageOfPage\":{\"@id\":\"https:\\\/\\\/hilpharakas.ee\\\/product\\\/kaevoru-lapis-lazuli\\\/#primaryimage\"},\"image\":{\"@id\":\"https:\\\/\\\/hilpharakas.ee\\\/product\\\/kaevoru-lapis-lazuli\\\/#primaryimage\"},\"thumbnailUrl\":\"https:\\\/\\\/hilpharakas.ee\\\/wp-content\\\/uploads\\\/2026\\\/04\\\/freepik__bracelet-on-pure-black-background-soft-diffused-li__72454.jpg\",\"datePublished\":\"2026-04-25T09:06:12+00:00\",\"breadcrumb\":{\"@id\":\"https:\\\/\\\/hilpharakas.ee\\\/product\\\/kaevoru-lapis-lazuli\\\/#breadcrumb\"},\"inLanguage\":\"en-US\",\"potentialAction\":[{\"@type\":\"ReadAction\",\"target\":[\"https:\\\/\\\/hilpharakas.ee\\\/product\\\/kaevoru-lapis-lazuli\\\/\"]}]},{\"@type\":\"ImageObject\",\"inLanguage\":\"en-US\",\"@id\":\"https:\\\/\\\/hilpharakas.ee\\\/product\\\/kaevoru-lapis-lazuli\\\/#primaryimage\",\"url\":\"https:\\\/\\\/hilpharakas.ee\\\/wp-content\\\/uploads\\\/2026\\\/04\\\/freepik__bracelet-on-pure-black-background-soft-diffused-li__72454.jpg\",\"contentUrl\":\"https:\\\/\\\/hilpharakas.ee\\\/wp-content\\\/uploads\\\/2026\\\/04\\\/freepik__bracelet-on-pure-black-background-soft-diffused-li__72454.jpg\",\"width\":1024,\"height\":1024},{\"@type\":\"BreadcrumbList\",\"@id\":\"https:\\\/\\\/hilpharakas.ee\\\/product\\\/kaevoru-lapis-lazuli\\\/#breadcrumb\",\"itemListElement\":[{\"@type\":\"ListItem\",\"position\":1,\"name\":\"Home\",\"item\":\"https:\\\/\\\/hilpharakas.ee\\\/\"},{\"@type\":\"ListItem\",\"position\":2,\"name\":\"Shop\",\"item\":\"https:\\\/\\\/hilpharakas.ee\\\/shop\\\/\"},{\"@type\":\"ListItem\",\"position\":3,\"name\":\"K\u00e4ev\u00f5ru &#8220;Lapis Lazuli&#8221;\"}]},{\"@type\":\"WebSite\",\"@id\":\"https:\\\/\\\/hilpharakas.ee\\\/#website\",\"url\":\"https:\\\/\\\/hilpharakas.ee\\\/\",\"name\":\"Hilpharakas\",\"description\":\"Eesti ainus alternatiivmoe kaubamaja\",\"publisher\":{\"@id\":\"https:\\\/\\\/hilpharakas.ee\\\/#organization\"},\"potentialAction\":[{\"@type\":\"SearchAction\",\"target\":{\"@type\":\"EntryPoint\",\"urlTemplate\":\"https:\\\/\\\/hilpharakas.ee\\\/?s={search_term_string}\"},\"query-input\":{\"@type\":\"PropertyValueSpecification\",\"valueRequired\":true,\"valueName\":\"search_term_string\"}}],\"inLanguage\":\"en-US\"},{\"@type\":\"Organization\",\"@id\":\"https:\\\/\\\/hilpharakas.ee\\\/#organization\",\"name\":\"Hilpharakas\",\"url\":\"https:\\\/\\\/hilpharakas.ee\\\/\",\"logo\":{\"@type\":\"ImageObject\",\"inLanguage\":\"en-US\",\"@id\":\"https:\\\/\\\/hilpharakas.ee\\\/#\\\/schema\\\/logo\\\/image\\\/\",\"url\":\"https:\\\/\\\/hilpharakas.ee\\\/wp-content\\\/uploads\\\/2026\\\/03\\\/11-e1774551401566.png\",\"contentUrl\":\"https:\\\/\\\/hilpharakas.ee\\\/wp-content\\\/uploads\\\/2026\\\/03\\\/11-e1774551401566.png\",\"width\":1000,\"height\":215,\"caption\":\"Hilpharakas\"},\"image\":{\"@id\":\"https:\\\/\\\/hilpharakas.ee\\\/#\\\/schema\\\/logo\\\/image\\\/\"}}]}<\/script>\n<!-- \/ Yoast SEO plugin. -->","yoast_head_json":{"title":"K\u00e4ev\u00f5ru \"Lapis Lazuli\" - Hilpharakas","robots":{"index":"index","follow":"follow","max-snippet":"max-snippet:-1","max-image-preview":"max-image-preview:large","max-video-preview":"max-video-preview:-1"},"canonical":"https:\/\/hilpharakas.ee\/en\/product\/kaevoru-lapis-lazuli\/","og_locale":"en_US","og_type":"article","og_title":"K\u00e4ev\u00f5ru \"Lapis Lazuli\" - Hilpharakas","og_description":"Meeste kahekordne k\u00e4ev\u00f5ru lapis lazuli helmeste ja sinise nahaga \u2013 ornamentaalse terasdetailiga.","og_url":"https:\/\/hilpharakas.ee\/en\/product\/kaevoru-lapis-lazuli\/","og_site_name":"Hilpharakas","og_image":[{"width":1024,"height":1024,"url":"https:\/\/hilpharakas.ee\/wp-content\/uploads\/2026\/04\/freepik__bracelet-on-pure-black-background-soft-diffused-li__72454.jpg","type":"image\/jpeg"}],"twitter_card":"summary_large_image","schema":{"@context":"https:\/\/schema.org","@graph":[{"@type":"WebPage","@id":"https:\/\/hilpharakas.ee\/product\/kaevoru-lapis-lazuli\/","url":"https:\/\/hilpharakas.ee\/product\/kaevoru-lapis-lazuli\/","name":"K\u00e4ev\u00f5ru \"Lapis Lazuli\" - Hilpharakas","isPartOf":{"@id":"https:\/\/hilpharakas.ee\/#website"},"primaryImageOfPage":{"@id":"https:\/\/hilpharakas.ee\/product\/kaevoru-lapis-lazuli\/#primaryimage"},"image":{"@id":"https:\/\/hilpharakas.ee\/product\/kaevoru-lapis-lazuli\/#primaryimage"},"thumbnailUrl":"https:\/\/hilpharakas.ee\/wp-content\/uploads\/2026\/04\/freepik__bracelet-on-pure-black-background-soft-diffused-li__72454.jpg","datePublished":"2026-04-25T09:06:12+00:00","breadcrumb":{"@id":"https:\/\/hilpharakas.ee\/product\/kaevoru-lapis-lazuli\/#breadcrumb"},"inLanguage":"en-US","potentialAction":[{"@type":"ReadAction","target":["https:\/\/hilpharakas.ee\/product\/kaevoru-lapis-lazuli\/"]}]},{"@type":"ImageObject","inLanguage":"en-US","@id":"https:\/\/hilpharakas.ee\/product\/kaevoru-lapis-lazuli\/#primaryimage","url":"https:\/\/hilpharakas.ee\/wp-content\/uploads\/2026\/04\/freepik__bracelet-on-pure-black-background-soft-diffused-li__72454.jpg","contentUrl":"https:\/\/hilpharakas.ee\/wp-content\/uploads\/2026\/04\/freepik__bracelet-on-pure-black-background-soft-diffused-li__72454.jpg","width":1024,"height":1024},{"@type":"BreadcrumbList","@id":"https:\/\/hilpharakas.ee\/product\/kaevoru-lapis-lazuli\/#breadcrumb","itemListElement":[{"@type":"ListItem","position":1,"name":"Home","item":"https:\/\/hilpharakas.ee\/"},{"@type":"ListItem","position":2,"name":"Shop","item":"https:\/\/hilpharakas.ee\/shop\/"},{"@type":"ListItem","position":3,"name":"K\u00e4ev\u00f5ru &#8220;Lapis Lazuli&#8221;"}]},{"@type":"WebSite","@id":"https:\/\/hilpharakas.ee\/#website","url":"https:\/\/hilpharakas.ee\/","name":"Hilpharakas","description":"Eesti ainus alternatiivmoe kaubamaja","publisher":{"@id":"https:\/\/hilpharakas.ee\/#organization"},"potentialAction":[{"@type":"SearchAction","target":{"@type":"EntryPoint","urlTemplate":"https:\/\/hilpharakas.ee\/?s={search_term_string}"},"query-input":{"@type":"PropertyValueSpecification","valueRequired":true,"valueName":"search_term_string"}}],"inLanguage":"en-US"},{"@type":"Organization","@id":"https:\/\/hilpharakas.ee\/#organization","name":"Hilpharakas","url":"https:\/\/hilpharakas.ee\/","logo":{"@type":"ImageObject","inLanguage":"en-US","@id":"https:\/\/hilpharakas.ee\/#\/schema\/logo\/image\/","url":"https:\/\/hilpharakas.ee\/wp-content\/uploads\/2026\/03\/11-e1774551401566.png","contentUrl":"https:\/\/hilpharakas.ee\/wp-content\/uploads\/2026\/03\/11-e1774551401566.png","width":1000,"height":215,"caption":"Hilpharakas"},"image":{"@id":"https:\/\/hilpharakas.ee\/#\/schema\/logo\/image\/"}}]}},"jetpack_sharing_enabled":true,"_links":{"self":[{"href":"https:\/\/hilpharakas.ee\/en\/wp-json\/wp\/v2\/product\/3132","targetHints":{"allow":["GET"]}}],"collection":[{"href":"https:\/\/hilpharakas.ee\/en\/wp-json\/wp\/v2\/product"}],"about":[{"href":"https:\/\/hilpharakas.ee\/en\/wp-json\/wp\/v2\/types\/product"}],"wp:featuredmedia":[{"embeddable":true,"href":"https:\/\/hilpharakas.ee\/en\/wp-json\/wp\/v2\/media\/3024"}],"wp:attachment":[{"href":"https:\/\/hilpharakas.ee\/en\/wp-json\/wp\/v2\/media?parent=3132"}],"wp:term":[{"taxonomy":"product_brand","embeddable":true,"href":"https:\/\/hilpharakas.ee\/en\/wp-json\/wp\/v2\/product_brand?post=3132"},{"taxonomy":"product_cat","embeddable":true,"href":"https:\/\/hilpharakas.ee\/en\/wp-json\/wp\/v2\/product_cat?post=3132"},{"taxonomy":"product_tag","embeddable":true,"href":"https:\/\/hilpharakas.ee\/en\/wp-json\/wp\/v2\/product_tag?post=3132"}],"curies":[{"name":"wp","href":"https:\/\/api.w.org\/{rel}","templated":true}]}}