{"id":3267,"date":"2026-04-26T07:44:04","date_gmt":"2026-04-26T07:44:04","guid":{"rendered":"https:\/\/hilpharakaspood.ee\/product\/terasest-kaelakee-arrowhead-valknut\/"},"modified":"2026-04-27T15:07:43","modified_gmt":"2026-04-27T15:07:43","slug":"terasest-kaelakee-arrowhead-valknut","status":"publish","type":"product","link":"https:\/\/hilpharakas.ee\/en\/product\/terasest-kaelakee-arrowhead-valknut\/","title":{"rendered":"Terasest Kaelakee &#8220;Arrowhead Valknut&#8221;"},"content":{"rendered":"<p>Nooleotsaku kujuline ripats kannab Valknuti s\u00fcmbolit, riputusaasas on graveeritud jumalan\u00e4gu. See on roostekindel, niiskuskindel, higikindel ja h\u00fcpoallergeenne. Vastupidav igap\u00e4evaseks kandmiseks, ei tuhmu ega j\u00e4ta nahale rohelist v\u00e4rvi. Mugav kanda ja sobib ka tundlikule nahale.<\/p>\n<p><strong>Materjal:<\/strong> Roostevaba teras<br \/>\n<strong>Keti pikkus:<\/strong> 50cm<\/p>","protected":false},"excerpt":{"rendered":"<p>Meeste roostevabast terasest kaelakee nooleotsaku ripatsiga \u2013 Valknuti s\u00fcmbol keskel ja jumalan\u00e4gu riputusaasas.<\/p>","protected":false},"featured_media":3211,"template":"","meta":[],"product_brand":[],"product_cat":[121,93,112],"product_tag":[],"class_list":{"0":"post-3267","1":"product","2":"type-product","3":"status-publish","4":"has-post-thumbnail","6":"product_cat-hilpharakas","7":"product_cat-men","8":"product_cat-men-necklaces","10":"first","11":"outofstock","12":"shipping-taxable","13":"purchasable","14":"product-type-simple"},"yoast_head":"<!-- This site is optimized with the Yoast SEO plugin v27.4 - https:\/\/yoast.com\/product\/yoast-seo-wordpress\/ -->\n<title>Terasest Kaelakee &quot;Arrowhead Valknut&quot; - Hilpharakas<\/title>\n<meta name=\"robots\" content=\"index, follow, max-snippet:-1, max-image-preview:large, max-video-preview:-1\" \/>\n<link rel=\"canonical\" href=\"https:\/\/hilpharakas.ee\/en\/product\/terasest-kaelakee-arrowhead-valknut\/\" \/>\n<meta property=\"og:locale\" content=\"en_US\" \/>\n<meta property=\"og:type\" content=\"article\" \/>\n<meta property=\"og:title\" content=\"Terasest Kaelakee &quot;Arrowhead Valknut&quot; - Hilpharakas\" \/>\n<meta property=\"og:description\" content=\"Meeste roostevabast terasest kaelakee nooleotsaku ripatsiga \u2013 Valknuti s\u00fcmbol keskel ja jumalan\u00e4gu riputusaasas.\" \/>\n<meta property=\"og:url\" content=\"https:\/\/hilpharakas.ee\/en\/product\/terasest-kaelakee-arrowhead-valknut\/\" \/>\n<meta property=\"og:site_name\" content=\"Hilpharakas\" \/>\n<meta property=\"article:modified_time\" content=\"2026-04-27T15:07:43+00:00\" \/>\n<meta property=\"og:image\" content=\"https:\/\/hilpharakas.ee\/wp-content\/uploads\/2026\/04\/freepik__necklace-on-a-pure-black-background-photorealistic__25326.png\" \/>\n\t<meta property=\"og:image:width\" content=\"1024\" \/>\n\t<meta property=\"og:image:height\" content=\"1024\" \/>\n\t<meta property=\"og:image:type\" content=\"image\/png\" \/>\n<meta name=\"twitter:card\" content=\"summary_large_image\" \/>\n<script type=\"application\/ld+json\" class=\"yoast-schema-graph\">{\"@context\":\"https:\\\/\\\/schema.org\",\"@graph\":[{\"@type\":\"WebPage\",\"@id\":\"https:\\\/\\\/hilpharakas.ee\\\/product\\\/terasest-kaelakee-arrowhead-valknut\\\/\",\"url\":\"https:\\\/\\\/hilpharakas.ee\\\/product\\\/terasest-kaelakee-arrowhead-valknut\\\/\",\"name\":\"Terasest Kaelakee \\\"Arrowhead Valknut\\\" - Hilpharakas\",\"isPartOf\":{\"@id\":\"https:\\\/\\\/hilpharakas.ee\\\/#website\"},\"primaryImageOfPage\":{\"@id\":\"https:\\\/\\\/hilpharakas.ee\\\/product\\\/terasest-kaelakee-arrowhead-valknut\\\/#primaryimage\"},\"image\":{\"@id\":\"https:\\\/\\\/hilpharakas.ee\\\/product\\\/terasest-kaelakee-arrowhead-valknut\\\/#primaryimage\"},\"thumbnailUrl\":\"https:\\\/\\\/hilpharakas.ee\\\/wp-content\\\/uploads\\\/2026\\\/04\\\/freepik__necklace-on-a-pure-black-background-photorealistic__25326.png\",\"datePublished\":\"2026-04-26T07:44:04+00:00\",\"dateModified\":\"2026-04-27T15:07:43+00:00\",\"breadcrumb\":{\"@id\":\"https:\\\/\\\/hilpharakas.ee\\\/product\\\/terasest-kaelakee-arrowhead-valknut\\\/#breadcrumb\"},\"inLanguage\":\"en-US\",\"potentialAction\":[{\"@type\":\"ReadAction\",\"target\":[\"https:\\\/\\\/hilpharakas.ee\\\/product\\\/terasest-kaelakee-arrowhead-valknut\\\/\"]}]},{\"@type\":\"ImageObject\",\"inLanguage\":\"en-US\",\"@id\":\"https:\\\/\\\/hilpharakas.ee\\\/product\\\/terasest-kaelakee-arrowhead-valknut\\\/#primaryimage\",\"url\":\"https:\\\/\\\/hilpharakas.ee\\\/wp-content\\\/uploads\\\/2026\\\/04\\\/freepik__necklace-on-a-pure-black-background-photorealistic__25326.png\",\"contentUrl\":\"https:\\\/\\\/hilpharakas.ee\\\/wp-content\\\/uploads\\\/2026\\\/04\\\/freepik__necklace-on-a-pure-black-background-photorealistic__25326.png\",\"width\":1024,\"height\":1024},{\"@type\":\"BreadcrumbList\",\"@id\":\"https:\\\/\\\/hilpharakas.ee\\\/product\\\/terasest-kaelakee-arrowhead-valknut\\\/#breadcrumb\",\"itemListElement\":[{\"@type\":\"ListItem\",\"position\":1,\"name\":\"Home\",\"item\":\"https:\\\/\\\/hilpharakas.ee\\\/\"},{\"@type\":\"ListItem\",\"position\":2,\"name\":\"Shop\",\"item\":\"https:\\\/\\\/hilpharakas.ee\\\/shop\\\/\"},{\"@type\":\"ListItem\",\"position\":3,\"name\":\"Terasest Kaelakee &#8220;Arrowhead Valknut&#8221;\"}]},{\"@type\":\"WebSite\",\"@id\":\"https:\\\/\\\/hilpharakas.ee\\\/#website\",\"url\":\"https:\\\/\\\/hilpharakas.ee\\\/\",\"name\":\"Hilpharakas\",\"description\":\"Eesti ainus alternatiivmoe kaubamaja\",\"publisher\":{\"@id\":\"https:\\\/\\\/hilpharakas.ee\\\/#organization\"},\"potentialAction\":[{\"@type\":\"SearchAction\",\"target\":{\"@type\":\"EntryPoint\",\"urlTemplate\":\"https:\\\/\\\/hilpharakas.ee\\\/?s={search_term_string}\"},\"query-input\":{\"@type\":\"PropertyValueSpecification\",\"valueRequired\":true,\"valueName\":\"search_term_string\"}}],\"inLanguage\":\"en-US\"},{\"@type\":\"Organization\",\"@id\":\"https:\\\/\\\/hilpharakas.ee\\\/#organization\",\"name\":\"Hilpharakas\",\"url\":\"https:\\\/\\\/hilpharakas.ee\\\/\",\"logo\":{\"@type\":\"ImageObject\",\"inLanguage\":\"en-US\",\"@id\":\"https:\\\/\\\/hilpharakas.ee\\\/#\\\/schema\\\/logo\\\/image\\\/\",\"url\":\"https:\\\/\\\/hilpharakas.ee\\\/wp-content\\\/uploads\\\/2026\\\/03\\\/11-e1774551401566.png\",\"contentUrl\":\"https:\\\/\\\/hilpharakas.ee\\\/wp-content\\\/uploads\\\/2026\\\/03\\\/11-e1774551401566.png\",\"width\":1000,\"height\":215,\"caption\":\"Hilpharakas\"},\"image\":{\"@id\":\"https:\\\/\\\/hilpharakas.ee\\\/#\\\/schema\\\/logo\\\/image\\\/\"}}]}<\/script>\n<!-- \/ Yoast SEO plugin. -->","yoast_head_json":{"title":"Terasest Kaelakee \"Arrowhead Valknut\" - Hilpharakas","robots":{"index":"index","follow":"follow","max-snippet":"max-snippet:-1","max-image-preview":"max-image-preview:large","max-video-preview":"max-video-preview:-1"},"canonical":"https:\/\/hilpharakas.ee\/en\/product\/terasest-kaelakee-arrowhead-valknut\/","og_locale":"en_US","og_type":"article","og_title":"Terasest Kaelakee \"Arrowhead Valknut\" - Hilpharakas","og_description":"Meeste roostevabast terasest kaelakee nooleotsaku ripatsiga \u2013 Valknuti s\u00fcmbol keskel ja jumalan\u00e4gu riputusaasas.","og_url":"https:\/\/hilpharakas.ee\/en\/product\/terasest-kaelakee-arrowhead-valknut\/","og_site_name":"Hilpharakas","article_modified_time":"2026-04-27T15:07:43+00:00","og_image":[{"width":1024,"height":1024,"url":"https:\/\/hilpharakas.ee\/wp-content\/uploads\/2026\/04\/freepik__necklace-on-a-pure-black-background-photorealistic__25326.png","type":"image\/png"}],"twitter_card":"summary_large_image","schema":{"@context":"https:\/\/schema.org","@graph":[{"@type":"WebPage","@id":"https:\/\/hilpharakas.ee\/product\/terasest-kaelakee-arrowhead-valknut\/","url":"https:\/\/hilpharakas.ee\/product\/terasest-kaelakee-arrowhead-valknut\/","name":"Terasest Kaelakee \"Arrowhead Valknut\" - Hilpharakas","isPartOf":{"@id":"https:\/\/hilpharakas.ee\/#website"},"primaryImageOfPage":{"@id":"https:\/\/hilpharakas.ee\/product\/terasest-kaelakee-arrowhead-valknut\/#primaryimage"},"image":{"@id":"https:\/\/hilpharakas.ee\/product\/terasest-kaelakee-arrowhead-valknut\/#primaryimage"},"thumbnailUrl":"https:\/\/hilpharakas.ee\/wp-content\/uploads\/2026\/04\/freepik__necklace-on-a-pure-black-background-photorealistic__25326.png","datePublished":"2026-04-26T07:44:04+00:00","dateModified":"2026-04-27T15:07:43+00:00","breadcrumb":{"@id":"https:\/\/hilpharakas.ee\/product\/terasest-kaelakee-arrowhead-valknut\/#breadcrumb"},"inLanguage":"en-US","potentialAction":[{"@type":"ReadAction","target":["https:\/\/hilpharakas.ee\/product\/terasest-kaelakee-arrowhead-valknut\/"]}]},{"@type":"ImageObject","inLanguage":"en-US","@id":"https:\/\/hilpharakas.ee\/product\/terasest-kaelakee-arrowhead-valknut\/#primaryimage","url":"https:\/\/hilpharakas.ee\/wp-content\/uploads\/2026\/04\/freepik__necklace-on-a-pure-black-background-photorealistic__25326.png","contentUrl":"https:\/\/hilpharakas.ee\/wp-content\/uploads\/2026\/04\/freepik__necklace-on-a-pure-black-background-photorealistic__25326.png","width":1024,"height":1024},{"@type":"BreadcrumbList","@id":"https:\/\/hilpharakas.ee\/product\/terasest-kaelakee-arrowhead-valknut\/#breadcrumb","itemListElement":[{"@type":"ListItem","position":1,"name":"Home","item":"https:\/\/hilpharakas.ee\/"},{"@type":"ListItem","position":2,"name":"Shop","item":"https:\/\/hilpharakas.ee\/shop\/"},{"@type":"ListItem","position":3,"name":"Terasest Kaelakee &#8220;Arrowhead Valknut&#8221;"}]},{"@type":"WebSite","@id":"https:\/\/hilpharakas.ee\/#website","url":"https:\/\/hilpharakas.ee\/","name":"Hilpharakas","description":"Eesti ainus alternatiivmoe kaubamaja","publisher":{"@id":"https:\/\/hilpharakas.ee\/#organization"},"potentialAction":[{"@type":"SearchAction","target":{"@type":"EntryPoint","urlTemplate":"https:\/\/hilpharakas.ee\/?s={search_term_string}"},"query-input":{"@type":"PropertyValueSpecification","valueRequired":true,"valueName":"search_term_string"}}],"inLanguage":"en-US"},{"@type":"Organization","@id":"https:\/\/hilpharakas.ee\/#organization","name":"Hilpharakas","url":"https:\/\/hilpharakas.ee\/","logo":{"@type":"ImageObject","inLanguage":"en-US","@id":"https:\/\/hilpharakas.ee\/#\/schema\/logo\/image\/","url":"https:\/\/hilpharakas.ee\/wp-content\/uploads\/2026\/03\/11-e1774551401566.png","contentUrl":"https:\/\/hilpharakas.ee\/wp-content\/uploads\/2026\/03\/11-e1774551401566.png","width":1000,"height":215,"caption":"Hilpharakas"},"image":{"@id":"https:\/\/hilpharakas.ee\/#\/schema\/logo\/image\/"}}]}},"jetpack_sharing_enabled":true,"_links":{"self":[{"href":"https:\/\/hilpharakas.ee\/en\/wp-json\/wp\/v2\/product\/3267","targetHints":{"allow":["GET"]}}],"collection":[{"href":"https:\/\/hilpharakas.ee\/en\/wp-json\/wp\/v2\/product"}],"about":[{"href":"https:\/\/hilpharakas.ee\/en\/wp-json\/wp\/v2\/types\/product"}],"wp:featuredmedia":[{"embeddable":true,"href":"https:\/\/hilpharakas.ee\/en\/wp-json\/wp\/v2\/media\/3211"}],"wp:attachment":[{"href":"https:\/\/hilpharakas.ee\/en\/wp-json\/wp\/v2\/media?parent=3267"}],"wp:term":[{"taxonomy":"product_brand","embeddable":true,"href":"https:\/\/hilpharakas.ee\/en\/wp-json\/wp\/v2\/product_brand?post=3267"},{"taxonomy":"product_cat","embeddable":true,"href":"https:\/\/hilpharakas.ee\/en\/wp-json\/wp\/v2\/product_cat?post=3267"},{"taxonomy":"product_tag","embeddable":true,"href":"https:\/\/hilpharakas.ee\/en\/wp-json\/wp\/v2\/product_tag?post=3267"}],"curies":[{"name":"wp","href":"https:\/\/api.w.org\/{rel}","templated":true}]}}