{"id":3277,"date":"2026-04-26T07:44:04","date_gmt":"2026-04-26T07:44:04","guid":{"rendered":"https:\/\/hilpharakaspood.ee\/product\/nahk-terasest-kaelakee-mjolnir-valknut-gold\/"},"modified":"2026-04-27T15:07:43","modified_gmt":"2026-04-27T15:07:43","slug":"nahk-terasest-kaelakee-mjolnir-valknut-gold","status":"publish","type":"product","link":"https:\/\/hilpharakas.ee\/en\/product\/nahk-terasest-kaelakee-mjolnir-valknut-gold\/","title":{"rendered":"Nahk-terasest Kaelakee &#8220;Mj\u00f6lnir Valknut Gold&#8221;"},"content":{"rendered":"<p>Mj\u00f6lniri ripats kannab keskel kuldse viimistlusega Valknuti s\u00fcmbolit ja k\u00fclgedel spiraalimotiive. See on roostekindel, niiskuskindel, higikindel ja h\u00fcpoallergeenne. Vastupidav igap\u00e4evaseks kandmiseks, ei tuhmu ega j\u00e4ta nahale rohelist v\u00e4rvi. Mugav kanda ja sobib ka tundlikule nahale.<\/p>\n<p><strong>Materjal:<\/strong> Nahk, roostevaba teras<br \/>\n<strong>Keti pikkus:<\/strong> 50cm<\/p>","protected":false},"excerpt":{"rendered":"<p>Meeste nahkpaelaga kaelakee Mj\u00f6lniri ripatsiga \u2013 kuldne Valknut keskel ja spiraalid k\u00fclgedel.<\/p>","protected":false},"featured_media":3244,"template":"","meta":[],"product_brand":[],"product_cat":[121,93,112],"product_tag":[],"class_list":{"0":"post-3277","1":"product","2":"type-product","3":"status-publish","4":"has-post-thumbnail","6":"product_cat-hilpharakas","7":"product_cat-men","8":"product_cat-men-necklaces","10":"first","11":"instock","12":"shipping-taxable","13":"purchasable","14":"product-type-simple"},"yoast_head":"<!-- This site is optimized with the Yoast SEO plugin v27.4 - https:\/\/yoast.com\/product\/yoast-seo-wordpress\/ -->\n<title>Nahk-terasest Kaelakee &quot;Mj\u00f6lnir Valknut Gold&quot; - Hilpharakas<\/title>\n<meta name=\"robots\" content=\"index, follow, max-snippet:-1, max-image-preview:large, max-video-preview:-1\" \/>\n<link rel=\"canonical\" href=\"https:\/\/hilpharakas.ee\/en\/product\/nahk-terasest-kaelakee-mjolnir-valknut-gold\/\" \/>\n<meta property=\"og:locale\" content=\"en_US\" \/>\n<meta property=\"og:type\" content=\"article\" \/>\n<meta property=\"og:title\" content=\"Nahk-terasest Kaelakee &quot;Mj\u00f6lnir Valknut Gold&quot; - Hilpharakas\" \/>\n<meta property=\"og:description\" content=\"Meeste nahkpaelaga kaelakee Mj\u00f6lniri ripatsiga \u2013 kuldne Valknut keskel ja spiraalid k\u00fclgedel.\" \/>\n<meta property=\"og:url\" content=\"https:\/\/hilpharakas.ee\/en\/product\/nahk-terasest-kaelakee-mjolnir-valknut-gold\/\" \/>\n<meta property=\"og:site_name\" content=\"Hilpharakas\" \/>\n<meta property=\"article:modified_time\" content=\"2026-04-27T15:07:43+00:00\" \/>\n<meta property=\"og:image\" content=\"https:\/\/hilpharakas.ee\/wp-content\/uploads\/2026\/04\/freepik__necklace-on-a-pure-black-background-photorealistic__25360.png\" \/>\n\t<meta property=\"og:image:width\" content=\"1024\" \/>\n\t<meta property=\"og:image:height\" content=\"1024\" \/>\n\t<meta property=\"og:image:type\" content=\"image\/png\" \/>\n<meta name=\"twitter:card\" content=\"summary_large_image\" \/>\n<script type=\"application\/ld+json\" class=\"yoast-schema-graph\">{\"@context\":\"https:\\\/\\\/schema.org\",\"@graph\":[{\"@type\":\"WebPage\",\"@id\":\"https:\\\/\\\/hilpharakas.ee\\\/product\\\/nahk-terasest-kaelakee-mjolnir-valknut-gold\\\/\",\"url\":\"https:\\\/\\\/hilpharakas.ee\\\/product\\\/nahk-terasest-kaelakee-mjolnir-valknut-gold\\\/\",\"name\":\"Nahk-terasest Kaelakee \\\"Mj\u00f6lnir Valknut Gold\\\" - Hilpharakas\",\"isPartOf\":{\"@id\":\"https:\\\/\\\/hilpharakas.ee\\\/#website\"},\"primaryImageOfPage\":{\"@id\":\"https:\\\/\\\/hilpharakas.ee\\\/product\\\/nahk-terasest-kaelakee-mjolnir-valknut-gold\\\/#primaryimage\"},\"image\":{\"@id\":\"https:\\\/\\\/hilpharakas.ee\\\/product\\\/nahk-terasest-kaelakee-mjolnir-valknut-gold\\\/#primaryimage\"},\"thumbnailUrl\":\"https:\\\/\\\/hilpharakas.ee\\\/wp-content\\\/uploads\\\/2026\\\/04\\\/freepik__necklace-on-a-pure-black-background-photorealistic__25360.png\",\"datePublished\":\"2026-04-26T07:44:04+00:00\",\"dateModified\":\"2026-04-27T15:07:43+00:00\",\"breadcrumb\":{\"@id\":\"https:\\\/\\\/hilpharakas.ee\\\/product\\\/nahk-terasest-kaelakee-mjolnir-valknut-gold\\\/#breadcrumb\"},\"inLanguage\":\"en-US\",\"potentialAction\":[{\"@type\":\"ReadAction\",\"target\":[\"https:\\\/\\\/hilpharakas.ee\\\/product\\\/nahk-terasest-kaelakee-mjolnir-valknut-gold\\\/\"]}]},{\"@type\":\"ImageObject\",\"inLanguage\":\"en-US\",\"@id\":\"https:\\\/\\\/hilpharakas.ee\\\/product\\\/nahk-terasest-kaelakee-mjolnir-valknut-gold\\\/#primaryimage\",\"url\":\"https:\\\/\\\/hilpharakas.ee\\\/wp-content\\\/uploads\\\/2026\\\/04\\\/freepik__necklace-on-a-pure-black-background-photorealistic__25360.png\",\"contentUrl\":\"https:\\\/\\\/hilpharakas.ee\\\/wp-content\\\/uploads\\\/2026\\\/04\\\/freepik__necklace-on-a-pure-black-background-photorealistic__25360.png\",\"width\":1024,\"height\":1024},{\"@type\":\"BreadcrumbList\",\"@id\":\"https:\\\/\\\/hilpharakas.ee\\\/product\\\/nahk-terasest-kaelakee-mjolnir-valknut-gold\\\/#breadcrumb\",\"itemListElement\":[{\"@type\":\"ListItem\",\"position\":1,\"name\":\"Home\",\"item\":\"https:\\\/\\\/hilpharakas.ee\\\/\"},{\"@type\":\"ListItem\",\"position\":2,\"name\":\"Shop\",\"item\":\"https:\\\/\\\/hilpharakas.ee\\\/shop\\\/\"},{\"@type\":\"ListItem\",\"position\":3,\"name\":\"Nahk-terasest Kaelakee &#8220;Mj\u00f6lnir Valknut Gold&#8221;\"}]},{\"@type\":\"WebSite\",\"@id\":\"https:\\\/\\\/hilpharakas.ee\\\/#website\",\"url\":\"https:\\\/\\\/hilpharakas.ee\\\/\",\"name\":\"Hilpharakas\",\"description\":\"Eesti ainus alternatiivmoe kaubamaja\",\"publisher\":{\"@id\":\"https:\\\/\\\/hilpharakas.ee\\\/#organization\"},\"potentialAction\":[{\"@type\":\"SearchAction\",\"target\":{\"@type\":\"EntryPoint\",\"urlTemplate\":\"https:\\\/\\\/hilpharakas.ee\\\/?s={search_term_string}\"},\"query-input\":{\"@type\":\"PropertyValueSpecification\",\"valueRequired\":true,\"valueName\":\"search_term_string\"}}],\"inLanguage\":\"en-US\"},{\"@type\":\"Organization\",\"@id\":\"https:\\\/\\\/hilpharakas.ee\\\/#organization\",\"name\":\"Hilpharakas\",\"url\":\"https:\\\/\\\/hilpharakas.ee\\\/\",\"logo\":{\"@type\":\"ImageObject\",\"inLanguage\":\"en-US\",\"@id\":\"https:\\\/\\\/hilpharakas.ee\\\/#\\\/schema\\\/logo\\\/image\\\/\",\"url\":\"https:\\\/\\\/hilpharakas.ee\\\/wp-content\\\/uploads\\\/2026\\\/03\\\/11-e1774551401566.png\",\"contentUrl\":\"https:\\\/\\\/hilpharakas.ee\\\/wp-content\\\/uploads\\\/2026\\\/03\\\/11-e1774551401566.png\",\"width\":1000,\"height\":215,\"caption\":\"Hilpharakas\"},\"image\":{\"@id\":\"https:\\\/\\\/hilpharakas.ee\\\/#\\\/schema\\\/logo\\\/image\\\/\"}}]}<\/script>\n<!-- \/ Yoast SEO plugin. -->","yoast_head_json":{"title":"Nahk-terasest Kaelakee \"Mj\u00f6lnir Valknut Gold\" - Hilpharakas","robots":{"index":"index","follow":"follow","max-snippet":"max-snippet:-1","max-image-preview":"max-image-preview:large","max-video-preview":"max-video-preview:-1"},"canonical":"https:\/\/hilpharakas.ee\/en\/product\/nahk-terasest-kaelakee-mjolnir-valknut-gold\/","og_locale":"en_US","og_type":"article","og_title":"Nahk-terasest Kaelakee \"Mj\u00f6lnir Valknut Gold\" - Hilpharakas","og_description":"Meeste nahkpaelaga kaelakee Mj\u00f6lniri ripatsiga \u2013 kuldne Valknut keskel ja spiraalid k\u00fclgedel.","og_url":"https:\/\/hilpharakas.ee\/en\/product\/nahk-terasest-kaelakee-mjolnir-valknut-gold\/","og_site_name":"Hilpharakas","article_modified_time":"2026-04-27T15:07:43+00:00","og_image":[{"width":1024,"height":1024,"url":"https:\/\/hilpharakas.ee\/wp-content\/uploads\/2026\/04\/freepik__necklace-on-a-pure-black-background-photorealistic__25360.png","type":"image\/png"}],"twitter_card":"summary_large_image","schema":{"@context":"https:\/\/schema.org","@graph":[{"@type":"WebPage","@id":"https:\/\/hilpharakas.ee\/product\/nahk-terasest-kaelakee-mjolnir-valknut-gold\/","url":"https:\/\/hilpharakas.ee\/product\/nahk-terasest-kaelakee-mjolnir-valknut-gold\/","name":"Nahk-terasest Kaelakee \"Mj\u00f6lnir Valknut Gold\" - Hilpharakas","isPartOf":{"@id":"https:\/\/hilpharakas.ee\/#website"},"primaryImageOfPage":{"@id":"https:\/\/hilpharakas.ee\/product\/nahk-terasest-kaelakee-mjolnir-valknut-gold\/#primaryimage"},"image":{"@id":"https:\/\/hilpharakas.ee\/product\/nahk-terasest-kaelakee-mjolnir-valknut-gold\/#primaryimage"},"thumbnailUrl":"https:\/\/hilpharakas.ee\/wp-content\/uploads\/2026\/04\/freepik__necklace-on-a-pure-black-background-photorealistic__25360.png","datePublished":"2026-04-26T07:44:04+00:00","dateModified":"2026-04-27T15:07:43+00:00","breadcrumb":{"@id":"https:\/\/hilpharakas.ee\/product\/nahk-terasest-kaelakee-mjolnir-valknut-gold\/#breadcrumb"},"inLanguage":"en-US","potentialAction":[{"@type":"ReadAction","target":["https:\/\/hilpharakas.ee\/product\/nahk-terasest-kaelakee-mjolnir-valknut-gold\/"]}]},{"@type":"ImageObject","inLanguage":"en-US","@id":"https:\/\/hilpharakas.ee\/product\/nahk-terasest-kaelakee-mjolnir-valknut-gold\/#primaryimage","url":"https:\/\/hilpharakas.ee\/wp-content\/uploads\/2026\/04\/freepik__necklace-on-a-pure-black-background-photorealistic__25360.png","contentUrl":"https:\/\/hilpharakas.ee\/wp-content\/uploads\/2026\/04\/freepik__necklace-on-a-pure-black-background-photorealistic__25360.png","width":1024,"height":1024},{"@type":"BreadcrumbList","@id":"https:\/\/hilpharakas.ee\/product\/nahk-terasest-kaelakee-mjolnir-valknut-gold\/#breadcrumb","itemListElement":[{"@type":"ListItem","position":1,"name":"Home","item":"https:\/\/hilpharakas.ee\/"},{"@type":"ListItem","position":2,"name":"Shop","item":"https:\/\/hilpharakas.ee\/shop\/"},{"@type":"ListItem","position":3,"name":"Nahk-terasest Kaelakee &#8220;Mj\u00f6lnir Valknut Gold&#8221;"}]},{"@type":"WebSite","@id":"https:\/\/hilpharakas.ee\/#website","url":"https:\/\/hilpharakas.ee\/","name":"Hilpharakas","description":"Eesti ainus alternatiivmoe kaubamaja","publisher":{"@id":"https:\/\/hilpharakas.ee\/#organization"},"potentialAction":[{"@type":"SearchAction","target":{"@type":"EntryPoint","urlTemplate":"https:\/\/hilpharakas.ee\/?s={search_term_string}"},"query-input":{"@type":"PropertyValueSpecification","valueRequired":true,"valueName":"search_term_string"}}],"inLanguage":"en-US"},{"@type":"Organization","@id":"https:\/\/hilpharakas.ee\/#organization","name":"Hilpharakas","url":"https:\/\/hilpharakas.ee\/","logo":{"@type":"ImageObject","inLanguage":"en-US","@id":"https:\/\/hilpharakas.ee\/#\/schema\/logo\/image\/","url":"https:\/\/hilpharakas.ee\/wp-content\/uploads\/2026\/03\/11-e1774551401566.png","contentUrl":"https:\/\/hilpharakas.ee\/wp-content\/uploads\/2026\/03\/11-e1774551401566.png","width":1000,"height":215,"caption":"Hilpharakas"},"image":{"@id":"https:\/\/hilpharakas.ee\/#\/schema\/logo\/image\/"}}]}},"jetpack_sharing_enabled":true,"_links":{"self":[{"href":"https:\/\/hilpharakas.ee\/en\/wp-json\/wp\/v2\/product\/3277","targetHints":{"allow":["GET"]}}],"collection":[{"href":"https:\/\/hilpharakas.ee\/en\/wp-json\/wp\/v2\/product"}],"about":[{"href":"https:\/\/hilpharakas.ee\/en\/wp-json\/wp\/v2\/types\/product"}],"wp:featuredmedia":[{"embeddable":true,"href":"https:\/\/hilpharakas.ee\/en\/wp-json\/wp\/v2\/media\/3244"}],"wp:attachment":[{"href":"https:\/\/hilpharakas.ee\/en\/wp-json\/wp\/v2\/media?parent=3277"}],"wp:term":[{"taxonomy":"product_brand","embeddable":true,"href":"https:\/\/hilpharakas.ee\/en\/wp-json\/wp\/v2\/product_brand?post=3277"},{"taxonomy":"product_cat","embeddable":true,"href":"https:\/\/hilpharakas.ee\/en\/wp-json\/wp\/v2\/product_cat?post=3277"},{"taxonomy":"product_tag","embeddable":true,"href":"https:\/\/hilpharakas.ee\/en\/wp-json\/wp\/v2\/product_tag?post=3277"}],"curies":[{"name":"wp","href":"https:\/\/api.w.org\/{rel}","templated":true}]}}